{"id":281,"date":"2017-06-07T14:14:07","date_gmt":"2017-06-07T14:14:07","guid":{"rendered":"http:\/\/alecta.select-themes.com\/?page_id=281"},"modified":"2024-05-10T13:58:24","modified_gmt":"2024-05-10T18:58:24","slug":"quienes-somos","status":"publish","type":"page","link":"https:\/\/foodwisestudio.com\/en\/quienes-somos\/","title":{"rendered":"About Us"},"content":{"rendered":"<div class=\"qodef-row-grid-section-wrapper\"  ><div class=\"qodef-row-grid-section\"><div class=\"vc_row wpb_row vc_row-fluid vc_custom_1603949905066\" ><div class=\"wpb_column vc_column_container vc_col-sm-12\"><div class=\"vc_column-inner\"><div class=\"wpb_wrapper\"><div class=\"qodef-elements-holder    qodef-two-columns  qodef-responsive-mode-768\"  ><div class=\"qodef-eh-item\"  data-item-class=\"qodef-eh-custom-7538\" data-1280-1600=\"5%\" data-1024-1280=\"5%\" data-768-1024=\"5%\" data-680-768=\"5%\" data-680=\"5%\">\n\t<div class=\"qodef-eh-item-inner\">\n\t\t<div class=\"qodef-eh-item-content qodef-eh-custom-7538\" >\n\t\t\t\n\t<div class=\"wpb_text_column wpb_content_element  vc_custom_1679363630614\" >\n\t\t<div class=\"wpb_wrapper\">\n\t\t\t<p><b>Food Wise Studio<\/b><span style=\"font-weight: 400;\"> is an interdisciplinary team with <\/span><span style=\"font-weight: 400;\">the dream<\/span><span style=\"font-weight: 400;\"> to transform the HoReCa industry by creating innovative products, unique experiences and successful business models. \nWell-being for our <\/span><span style=\"font-weight: 400;\">clients,<\/span><span style=\"font-weight: 400;\"> employees, consumers, producers, communities and the environment is our primary focus.<\/span><\/p>\n<p><span style=\"font-weight: 400;\">We are committed with reflection, knowledge and safeguarding of products and traditions by showing the stories and realities behind thousands of hard-working hands, contributing to the evolution and sustainable development of Colombia and Latin America.<\/span><\/p>\n\n\t\t<\/div>\n\t<\/div>\n\t\t<\/div>\n\t<\/div>\n<\/div><div class=\"qodef-eh-item   qodef-horizontal-alignment-center\"  data-item-class=\"qodef-eh-custom-1340\">\n\t<div class=\"qodef-eh-item-inner\">\n\t\t<div class=\"qodef-eh-item-content qodef-eh-custom-1340\" >\n\t\t\t\n\t<div  class=\"wpb_single_image wpb_content_element vc_align_left\">\n\t\t\n\t\t<figure class=\"wpb_wrapper vc_figure\">\n\t\t\t<div class=\"vc_single_image-wrapper   vc_box_border_grey\"><img loading=\"lazy\" decoding=\"async\" width=\"900\" height=\"800\" src=\"https:\/\/foodwisestudio.com\/wp-content\/uploads\/2020\/11\/quienes-somos-2-1.jpg\" class=\"vc_single_image-img attachment-full\" alt=\"\" title=\"quienes-somos-2-1\" srcset=\"https:\/\/foodwisestudio.com\/wp-content\/uploads\/2020\/11\/quienes-somos-2-1.jpg 900w, https:\/\/foodwisestudio.com\/wp-content\/uploads\/2020\/11\/quienes-somos-2-1-300x267.jpg 300w, https:\/\/foodwisestudio.com\/wp-content\/uploads\/2020\/11\/quienes-somos-2-1-768x683.jpg 768w, https:\/\/foodwisestudio.com\/wp-content\/uploads\/2020\/11\/quienes-somos-2-1-600x533.jpg 600w\" sizes=\"auto, (max-width: 900px) 100vw, 900px\" \/><\/div>\n\t\t<\/figure>\n\t<\/div>\n\t\t<\/div>\n\t<\/div>\n<\/div><\/div><\/div><\/div><\/div><\/div><\/div><\/div><div class=\"vc_row wpb_row vc_row-fluid\" style=\"background-color:#f6f6f6\"><div class=\"wpb_column vc_column_container vc_col-sm-12 vc_hidden-lg vc_hidden-md vc_hidden-sm vc_hidden-xs\"><div class=\"vc_column-inner\"><div class=\"wpb_wrapper\">\n\t<div class=\"wpb_text_column wpb_content_element\" >\n\t\t<div class=\"wpb_wrapper\">\n\t\t\t<h2 style=\"text-align: center;\">Meet the team<\/h2>\n\n\t\t<\/div>\n\t<\/div>\n<div class=\"qodef-separator-holder clearfix  qodef-separator-center\">\n\t<div class=\"qodef-separator\" style=\"border-color: #000000;border-style: solid;width: 111px;border-bottom-width: 3px;margin-top: 23px;margin-bottom: 15px\"><\/div>\n<\/div>\n<div class=\"vc_empty_space\"   style=\"height: 32px\"><span class=\"vc_empty_space_inner\"><\/span><\/div><\/div><\/div><\/div><\/div><div class=\"qodef-row-grid-section-wrapper\"  ><div class=\"qodef-row-grid-section\"><div class=\"vc_row wpb_row vc_row-fluid\" ><div class=\"wpb_column vc_column_container vc_col-sm-4 vc_hidden-lg vc_hidden-md vc_hidden-sm vc_hidden-xs\"><div class=\"vc_column-inner\"><div class=\"wpb_wrapper\">\n\t<div  class=\"wpb_single_image wpb_content_element vc_align_left\">\n\t\t\n\t\t<figure class=\"wpb_wrapper vc_figure\">\n\t\t\t<div class=\"vc_single_image-wrapper   vc_box_border_grey\"><img loading=\"lazy\" decoding=\"async\" width=\"819\" height=\"1024\" src=\"https:\/\/foodwisestudio.com\/wp-content\/uploads\/2023\/03\/IMG_7227-819x1024.png\" class=\"vc_single_image-img attachment-large\" alt=\"\" title=\"IMG_7227\" srcset=\"https:\/\/foodwisestudio.com\/wp-content\/uploads\/2023\/03\/IMG_7227-819x1024.png 819w, https:\/\/foodwisestudio.com\/wp-content\/uploads\/2023\/03\/IMG_7227-240x300.png 240w, https:\/\/foodwisestudio.com\/wp-content\/uploads\/2023\/03\/IMG_7227-768x960.png 768w, https:\/\/foodwisestudio.com\/wp-content\/uploads\/2023\/03\/IMG_7227-10x12.png 10w, https:\/\/foodwisestudio.com\/wp-content\/uploads\/2023\/03\/IMG_7227.png 1080w\" sizes=\"auto, (max-width: 819px) 100vw, 819px\" \/><\/div>\n\t\t<\/figure>\n\t<\/div>\n\n\t<div class=\"wpb_text_column wpb_content_element\" >\n\t\t<div class=\"wpb_wrapper\">\n\t\t\t<h4 class=\"qodef-team-name\" style=\"text-align: center;\">Felipe Gonz\u00e1lez Lacouture<\/h4>\n<h6 class=\"qodef-team-position\" style=\"text-align: center;\">FOUNDER AND PROJECT MANAGER<br \/>\nON SUSTAINABILITY<\/h6>\n\n\t\t<\/div>\n\t<\/div>\n<div class=\"vc_empty_space\"   style=\"height: 15px\"><span class=\"vc_empty_space_inner\"><\/span><\/div><\/div><\/div><\/div><div class=\"wpb_column vc_column_container vc_col-sm-4 vc_hidden-lg vc_hidden-md vc_hidden-sm vc_hidden-xs\"><div class=\"vc_column-inner\"><div class=\"wpb_wrapper\">\n\t<div  class=\"wpb_single_image wpb_content_element vc_align_left\">\n\t\t\n\t\t<figure class=\"wpb_wrapper vc_figure\">\n\t\t\t<div class=\"vc_single_image-wrapper   vc_box_border_grey\"><img loading=\"lazy\" decoding=\"async\" width=\"819\" height=\"1024\" src=\"https:\/\/foodwisestudio.com\/wp-content\/uploads\/2023\/03\/IMG_7228-819x1024.png\" class=\"vc_single_image-img attachment-large\" alt=\"\" title=\"IMG_7228\" srcset=\"https:\/\/foodwisestudio.com\/wp-content\/uploads\/2023\/03\/IMG_7228-819x1024.png 819w, https:\/\/foodwisestudio.com\/wp-content\/uploads\/2023\/03\/IMG_7228-240x300.png 240w, https:\/\/foodwisestudio.com\/wp-content\/uploads\/2023\/03\/IMG_7228-768x960.png 768w, https:\/\/foodwisestudio.com\/wp-content\/uploads\/2023\/03\/IMG_7228-10x12.png 10w, https:\/\/foodwisestudio.com\/wp-content\/uploads\/2023\/03\/IMG_7228.png 1080w\" sizes=\"auto, (max-width: 819px) 100vw, 819px\" \/><\/div>\n\t\t<\/figure>\n\t<\/div>\n\n\t<div class=\"wpb_text_column wpb_content_element\" >\n\t\t<div class=\"wpb_wrapper\">\n\t\t\t<h4 class=\"qodef-team-name\" style=\"text-align: center;\">Juan Manuel G\u00f3mez<\/h4>\n<h6 class=\"qodef-team-position\" style=\"text-align: center;\">FOUNDER, LEGAL MANAGER<br \/>\nAND REPRESENTATIVE<\/h6>\n\n\t\t<\/div>\n\t<\/div>\n<div class=\"vc_empty_space\"   style=\"height: 15px\"><span class=\"vc_empty_space_inner\"><\/span><\/div><\/div><\/div><\/div><div class=\"wpb_column vc_column_container vc_col-sm-4 vc_hidden-lg vc_hidden-md vc_hidden-sm vc_hidden-xs\"><div class=\"vc_column-inner\"><div class=\"wpb_wrapper\">\n\t<div  class=\"wpb_single_image wpb_content_element vc_align_left\">\n\t\t\n\t\t<figure class=\"wpb_wrapper vc_figure\">\n\t\t\t<div class=\"vc_single_image-wrapper   vc_box_border_grey\"><img loading=\"lazy\" decoding=\"async\" width=\"819\" height=\"1024\" src=\"https:\/\/foodwisestudio.com\/wp-content\/uploads\/2023\/03\/IMG_7230-819x1024.png\" class=\"vc_single_image-img attachment-large\" alt=\"\" title=\"IMG_7230\" srcset=\"https:\/\/foodwisestudio.com\/wp-content\/uploads\/2023\/03\/IMG_7230-819x1024.png 819w, https:\/\/foodwisestudio.com\/wp-content\/uploads\/2023\/03\/IMG_7230-240x300.png 240w, https:\/\/foodwisestudio.com\/wp-content\/uploads\/2023\/03\/IMG_7230-768x960.png 768w, https:\/\/foodwisestudio.com\/wp-content\/uploads\/2023\/03\/IMG_7230-10x12.png 10w, https:\/\/foodwisestudio.com\/wp-content\/uploads\/2023\/03\/IMG_7230.png 1080w\" sizes=\"auto, (max-width: 819px) 100vw, 819px\" \/><\/div>\n\t\t<\/figure>\n\t<\/div>\n\n\t<div class=\"wpb_text_column wpb_content_element\" >\n\t\t<div class=\"wpb_wrapper\">\n\t\t\t<h4 class=\"qodef-team-name\" style=\"text-align: center;\"><b>Laura Guti\u00e9rrez Echeverri <\/b><\/h4>\n<h6 class=\"qodef-team-position\" style=\"text-align: center;\"><span style=\"font-size: 10.72px;\">PROJECT<\/span><b>\u00a0MANAGER<\/b><\/h6>\n\n\t\t<\/div>\n\t<\/div>\n<div class=\"vc_empty_space\"   style=\"height: 15px\"><span class=\"vc_empty_space_inner\"><\/span><\/div><\/div><\/div><\/div><\/div><\/div><\/div><div class=\"qodef-row-grid-section-wrapper\"  ><div class=\"qodef-row-grid-section\"><div class=\"vc_row wpb_row vc_row-fluid\" ><div class=\"wpb_column vc_column_container vc_col-sm-4 vc_hidden-lg vc_hidden-md vc_hidden-sm vc_hidden-xs\"><div class=\"vc_column-inner\"><div class=\"wpb_wrapper\">\n\t<div  class=\"wpb_single_image wpb_content_element vc_align_left\">\n\t\t\n\t\t<figure class=\"wpb_wrapper vc_figure\">\n\t\t\t<div class=\"vc_single_image-wrapper   vc_box_border_grey\"><img loading=\"lazy\" decoding=\"async\" width=\"819\" height=\"1024\" src=\"https:\/\/foodwisestudio.com\/wp-content\/uploads\/2023\/03\/IMG_7225-819x1024.png\" class=\"vc_single_image-img attachment-large\" alt=\"\" title=\"IMG_7225\" srcset=\"https:\/\/foodwisestudio.com\/wp-content\/uploads\/2023\/03\/IMG_7225-819x1024.png 819w, https:\/\/foodwisestudio.com\/wp-content\/uploads\/2023\/03\/IMG_7225-240x300.png 240w, https:\/\/foodwisestudio.com\/wp-content\/uploads\/2023\/03\/IMG_7225-768x960.png 768w, https:\/\/foodwisestudio.com\/wp-content\/uploads\/2023\/03\/IMG_7225-10x12.png 10w, https:\/\/foodwisestudio.com\/wp-content\/uploads\/2023\/03\/IMG_7225.png 1080w\" sizes=\"auto, (max-width: 819px) 100vw, 819px\" \/><\/div>\n\t\t<\/figure>\n\t<\/div>\n\n\t<div class=\"wpb_text_column wpb_content_element\" >\n\t\t<div class=\"wpb_wrapper\">\n\t\t\t<h4 class=\"qodef-team-name\" style=\"text-align: center;\"><b>Mar\u00eda Jos\u00e9 Casta\u00f1eda<\/b><\/h4>\n<h6 class=\"qodef-team-position\" style=\"text-align: center;\">GASTRONOMIC OPERATIONS<br \/>\nLEAD<\/h6>\n\n\t\t<\/div>\n\t<\/div>\n<\/div><\/div><\/div><div class=\"wpb_column vc_column_container vc_col-sm-4 vc_hidden-lg vc_hidden-md vc_hidden-sm vc_hidden-xs\"><div class=\"vc_column-inner\"><div class=\"wpb_wrapper\">\n\t<div  class=\"wpb_single_image wpb_content_element vc_align_left\">\n\t\t\n\t\t<figure class=\"wpb_wrapper vc_figure\">\n\t\t\t<div class=\"vc_single_image-wrapper   vc_box_border_grey\"><img loading=\"lazy\" decoding=\"async\" width=\"683\" height=\"1024\" src=\"https:\/\/foodwisestudio.com\/wp-content\/uploads\/2023\/03\/RAUL-GONZALEZ-683x1024.jpg\" class=\"vc_single_image-img attachment-large\" alt=\"\" title=\"RA\u00daL GONZ\u00c1LEZ\" srcset=\"https:\/\/foodwisestudio.com\/wp-content\/uploads\/2023\/03\/RAUL-GONZALEZ-683x1024.jpg 683w, https:\/\/foodwisestudio.com\/wp-content\/uploads\/2023\/03\/RAUL-GONZALEZ-200x300.jpg 200w, https:\/\/foodwisestudio.com\/wp-content\/uploads\/2023\/03\/RAUL-GONZALEZ-768x1151.jpg 768w, https:\/\/foodwisestudio.com\/wp-content\/uploads\/2023\/03\/RAUL-GONZALEZ-8x12.jpg 8w, https:\/\/foodwisestudio.com\/wp-content\/uploads\/2023\/03\/RAUL-GONZALEZ.jpg 854w\" sizes=\"auto, (max-width: 683px) 100vw, 683px\" \/><\/div>\n\t\t<\/figure>\n\t<\/div>\n\n\t<div class=\"wpb_text_column wpb_content_element\" >\n\t\t<div class=\"wpb_wrapper\">\n\t\t\t<h4 class=\"qodef-team-name\" style=\"text-align: center;\"><b>Ra\u00fal Gonz\u00e1lez Lacouture<\/b><\/h4>\n<h6 class=\"qodef-team-position\" style=\"text-align: center;\">GASTRONOMIC OPERATIONS<br \/>\nLEAD<\/h6>\n\n\t\t<\/div>\n\t<\/div>\n<\/div><\/div><\/div><div class=\"wpb_column vc_column_container vc_col-sm-4 vc_hidden-lg vc_hidden-md vc_hidden-sm vc_hidden-xs\"><div class=\"vc_column-inner\"><div class=\"wpb_wrapper\">\n\t<div  class=\"wpb_single_image wpb_content_element vc_align_left\">\n\t\t\n\t\t<figure class=\"wpb_wrapper vc_figure\">\n\t\t\t<div class=\"vc_single_image-wrapper   vc_box_border_grey\"><img loading=\"lazy\" decoding=\"async\" width=\"819\" height=\"1024\" src=\"https:\/\/foodwisestudio.com\/wp-content\/uploads\/2023\/03\/IMG_7229-819x1024.png\" class=\"vc_single_image-img attachment-large\" alt=\"\" title=\"IMG_7229\" srcset=\"https:\/\/foodwisestudio.com\/wp-content\/uploads\/2023\/03\/IMG_7229-819x1024.png 819w, https:\/\/foodwisestudio.com\/wp-content\/uploads\/2023\/03\/IMG_7229-240x300.png 240w, https:\/\/foodwisestudio.com\/wp-content\/uploads\/2023\/03\/IMG_7229-768x960.png 768w, https:\/\/foodwisestudio.com\/wp-content\/uploads\/2023\/03\/IMG_7229-10x12.png 10w, https:\/\/foodwisestudio.com\/wp-content\/uploads\/2023\/03\/IMG_7229.png 1080w\" sizes=\"auto, (max-width: 819px) 100vw, 819px\" \/><\/div>\n\t\t<\/figure>\n\t<\/div>\n\n\t<div class=\"wpb_text_column wpb_content_element\" >\n\t\t<div class=\"wpb_wrapper\">\n\t\t\t<h4 class=\"qodef-team-name\" style=\"text-align: center;\"><b>Jos\u00e9 Montoya Acosta<\/b><\/h4>\n<h6 class=\"qodef-team-position\" style=\"text-align: center;\">GASTRONOMIC OPERATIONS <span style=\"font-size: 10.72px;\">ACCOUNTING<\/span> AND TRIBUTARY LEAD<\/h6>\n\n\t\t<\/div>\n\t<\/div>\n<\/div><\/div><\/div><\/div><\/div><\/div><div class=\"qodef-row-grid-section-wrapper\"  ><div class=\"qodef-row-grid-section\"><div class=\"vc_row wpb_row vc_row-fluid\" ><div class=\"wpb_column vc_column_container vc_col-sm-4 vc_hidden-lg vc_hidden-md vc_hidden-sm vc_hidden-xs\"><div class=\"vc_column-inner\"><div class=\"wpb_wrapper\">\n\t<div  class=\"wpb_single_image wpb_content_element vc_align_left\">\n\t\t\n\t\t<figure class=\"wpb_wrapper vc_figure\">\n\t\t\t<div class=\"vc_single_image-wrapper   vc_box_border_grey\"><img loading=\"lazy\" decoding=\"async\" width=\"819\" height=\"1024\" src=\"https:\/\/foodwisestudio.com\/wp-content\/uploads\/2023\/03\/IMG_7234-819x1024.png\" class=\"vc_single_image-img attachment-large\" alt=\"\" title=\"IMG_7234\" srcset=\"https:\/\/foodwisestudio.com\/wp-content\/uploads\/2023\/03\/IMG_7234-819x1024.png 819w, https:\/\/foodwisestudio.com\/wp-content\/uploads\/2023\/03\/IMG_7234-240x300.png 240w, https:\/\/foodwisestudio.com\/wp-content\/uploads\/2023\/03\/IMG_7234-768x960.png 768w, https:\/\/foodwisestudio.com\/wp-content\/uploads\/2023\/03\/IMG_7234-10x12.png 10w, https:\/\/foodwisestudio.com\/wp-content\/uploads\/2023\/03\/IMG_7234.png 1080w\" sizes=\"auto, (max-width: 819px) 100vw, 819px\" \/><\/div>\n\t\t<\/figure>\n\t<\/div>\n\n\t<div class=\"wpb_text_column wpb_content_element\" >\n\t\t<div class=\"wpb_wrapper\">\n\t\t\t<h4 class=\"qodef-team-name\" style=\"text-align: center;\"><b>Angie Lorena Jerez Torrez<\/b><\/h4>\n<h6 class=\"qodef-team-position\" style=\"text-align: center;\"><b>ANALYST<\/b><br \/>\nLEAD<\/h6>\n\n\t\t<\/div>\n\t<\/div>\n<\/div><\/div><\/div><\/div><\/div><\/div><div class=\"vc_row wpb_row vc_row-fluid\" ><div class=\"wpb_column vc_column_container vc_col-sm-12\"><div class=\"vc_column-inner\"><div class=\"wpb_wrapper\"><div class=\"vc_empty_space\"   style=\"height: 32px\"><span class=\"vc_empty_space_inner\"><\/span><\/div><\/div><\/div><\/div><\/div>","protected":false},"excerpt":{"rendered":"Food Wise Studio somos un equipo interdisciplinario de personas que sue\u00f1an con transformar el sector HORECA, creando productos innovadores, experiencias especiales y modelos de negocio exitosos, teniendo como prioridad proteger y brindar bienestar a los due\u00f1os, los empleados, los consumidores, [...]","protected":false},"author":1,"featured_media":0,"parent":0,"menu_order":0,"comment_status":"closed","ping_status":"closed","template":"full-width.php","meta":{"footnotes":""},"class_list":["post-281","page","type-page","status-publish","hentry"],"_links":{"self":[{"href":"https:\/\/foodwisestudio.com\/en\/wp-json\/wp\/v2\/pages\/281","targetHints":{"allow":["GET"]}}],"collection":[{"href":"https:\/\/foodwisestudio.com\/en\/wp-json\/wp\/v2\/pages"}],"about":[{"href":"https:\/\/foodwisestudio.com\/en\/wp-json\/wp\/v2\/types\/page"}],"author":[{"embeddable":true,"href":"https:\/\/foodwisestudio.com\/en\/wp-json\/wp\/v2\/users\/1"}],"replies":[{"embeddable":true,"href":"https:\/\/foodwisestudio.com\/en\/wp-json\/wp\/v2\/comments?post=281"}],"version-history":[{"count":118,"href":"https:\/\/foodwisestudio.com\/en\/wp-json\/wp\/v2\/pages\/281\/revisions"}],"predecessor-version":[{"id":4107,"href":"https:\/\/foodwisestudio.com\/en\/wp-json\/wp\/v2\/pages\/281\/revisions\/4107"}],"wp:attachment":[{"href":"https:\/\/foodwisestudio.com\/en\/wp-json\/wp\/v2\/media?parent=281"}],"curies":[{"name":"wp","href":"https:\/\/api.w.org\/{rel}","templated":true}]}}